{"id":6689,"date":"2021-05-10T18:25:26","date_gmt":"2021-05-10T18:25:26","guid":{"rendered":"https:\/\/lp.amano-enzyme.com\/?page_id=6689"},"modified":"2022-11-21T15:40:36","modified_gmt":"2022-11-21T15:40:36","slug":"contact","status":"publish","type":"page","link":"https:\/\/lp.amano-enzyme.com\/es\/contact\/","title":{"rendered":"CONTACTO"},"content":{"rendered":"<p>[vc_row equal_height=\u00bbyes\u00bb css=\u00bb.vc_custom_1524861857043{margin-right: 0px !important;margin-bottom: 90px !important;margin-left: 0px !important;}\u00bb el_class=\u00bbcontactUsRow\u00bb][vc_column width=\u00bb2\/3&#8243; css=\u00bb.vc_custom_1513048602768{background-color: #ffffff !important;}\u00bb el_class=\u00bbshadow\u00bb][vc_empty_space height=\u00bb50px\u00bb][vc_row_inner][vc_column_inner width=\u00bb1\/12&#8243;][\/vc_column_inner][vc_column_inner width=\u00bb5\/6&#8243;][vc_column_text css_animation=\u00bblightSpeedIn\u00bb]<\/p>\n<h3 class=\"no-margin-top\" style=\"text-align: center;\">CONTACTO<\/h3>\n<p>[\/vc_column_text][vc_empty_space height=\u00bb10px\u00bb][vc_column_text]<\/p>\n<p style=\"text-align: center;\">Muchas gracias por visitar nuestro sitio web.<\/p>\n<p style=\"text-align: center;\"><span style=\"font-weight: 400;\">Con el lanzamiento de nuestro nuevo sitio web el 2 de julio de 2018, ya no ofreceremos el Servicio de referencia de informaci\u00f3n del producto.<\/span><\/p>\n<p style=\"text-align: center;\"><span style=\"font-weight: 400;\">Si tiene alguna pregunta sobre cualquiera de nuestros productos, env\u00ede su solicitud a trav\u00e9s de nuestra p\u00e1gina de consulta o comun\u00edquese con su vendedor.<\/span><\/p>\n<p style=\"text-align: center;\"><span style=\"font-weight: 400;\">\u00a1Esperamos atender sus necesidades de enzimas en el futuro cercano!<\/span><\/p>\n<p>[\/vc_column_text][vc_empty_space height=\u00bb35px\u00bb]\n<div class=\"wpcf7 no-js\" id=\"wpcf7-f59-o1\" lang=\"en-US\" dir=\"ltr\" data-wpcf7-id=\"59\">\n<div class=\"screen-reader-response\"><p role=\"status\" aria-live=\"polite\" aria-atomic=\"true\"><\/p> <ul><\/ul><\/div>\n<form action=\"\/es\/wp-json\/wp\/v2\/pages\/6689#wpcf7-f59-o1\" method=\"post\" class=\"wpcf7-form init\" aria-label=\"Contact form\" novalidate=\"novalidate\" data-status=\"init\">\n<fieldset class=\"hidden-fields-container\"><input type=\"hidden\" name=\"_wpcf7\" value=\"59\" \/><input type=\"hidden\" name=\"_wpcf7_version\" value=\"6.1.5\" \/><input type=\"hidden\" name=\"_wpcf7_locale\" value=\"en_US\" \/><input type=\"hidden\" name=\"_wpcf7_unit_tag\" value=\"wpcf7-f59-o1\" \/><input type=\"hidden\" name=\"_wpcf7_container_post\" value=\"0\" \/><input type=\"hidden\" name=\"_wpcf7_posted_data_hash\" value=\"\" \/><input type=\"hidden\" name=\"_wpcf7cf_hidden_group_fields\" value=\"[]\" \/><input type=\"hidden\" name=\"_wpcf7cf_hidden_groups\" value=\"[]\" \/><input type=\"hidden\" name=\"_wpcf7cf_visible_groups\" value=\"[]\" \/><input type=\"hidden\" name=\"_wpcf7cf_repeaters\" value=\"[]\" \/><input type=\"hidden\" name=\"_wpcf7cf_steps\" value=\"[]\" \/><input type=\"hidden\" name=\"_wpcf7cf_options\" value=\"{&quot;form_id&quot;:59,&quot;conditions&quot;:[{&quot;then_field&quot;:&quot;-1&quot;,&quot;and_rules&quot;:[{&quot;if_field&quot;:&quot;-1&quot;,&quot;operator&quot;:&quot;equals&quot;,&quot;if_value&quot;:&quot;United States, Canada, Central and South America&quot;}]},{&quot;then_field&quot;:&quot;-1&quot;,&quot;and_rules&quot;:[{&quot;if_field&quot;:&quot;-1&quot;,&quot;operator&quot;:&quot;equals&quot;,&quot;if_value&quot;:&quot;Europe, the Middle East, Africa&quot;}]},{&quot;then_field&quot;:&quot;-1&quot;,&quot;and_rules&quot;:[{&quot;if_field&quot;:&quot;-1&quot;,&quot;operator&quot;:&quot;equals&quot;,&quot;if_value&quot;:&quot;Southeast Asia, South Asia&quot;}]},{&quot;then_field&quot;:&quot;-1&quot;,&quot;and_rules&quot;:[{&quot;if_field&quot;:&quot;-1&quot;,&quot;operator&quot;:&quot;equals&quot;,&quot;if_value&quot;:&quot;Other&quot;}]},{&quot;then_field&quot;:&quot;-1&quot;,&quot;and_rules&quot;:[{&quot;if_field&quot;:&quot;-1&quot;,&quot;operator&quot;:&quot;equals&quot;,&quot;if_value&quot;:&quot;Estados Unidos, Canad\\u00e1, Centro y Sudam\\u00e9rica&quot;}]},{&quot;then_field&quot;:&quot;-1&quot;,&quot;and_rules&quot;:[{&quot;if_field&quot;:&quot;-1&quot;,&quot;operator&quot;:&quot;equals&quot;,&quot;if_value&quot;:&quot;Europa, Medio Oriente, \\u00c1frica&quot;}]},{&quot;then_field&quot;:&quot;-1&quot;,&quot;and_rules&quot;:[{&quot;if_field&quot;:&quot;-1&quot;,&quot;operator&quot;:&quot;equals&quot;,&quot;if_value&quot;:&quot;Sudeste de Asia, Asia del Sur&quot;}]},{&quot;then_field&quot;:&quot;-1&quot;,&quot;and_rules&quot;:[{&quot;if_field&quot;:&quot;-1&quot;,&quot;operator&quot;:&quot;equals&quot;,&quot;if_value&quot;:&quot;Otro&quot;}]},{&quot;then_field&quot;:&quot;-1&quot;,&quot;and_rules&quot;:[{&quot;if_field&quot;:&quot;-1&quot;,&quot;operator&quot;:&quot;equals&quot;,&quot;if_value&quot;:&quot;\\u7f8e\\u56fd\\uff0c\\u52a0\\u62ff\\u5927\\uff0c\\u4e2d\\u7f8e\\u6d32\\u548c\\u5357\\u7f8e\\u6d32&quot;}]},{&quot;then_field&quot;:&quot;-1&quot;,&quot;and_rules&quot;:[{&quot;if_field&quot;:&quot;-1&quot;,&quot;operator&quot;:&quot;equals&quot;,&quot;if_value&quot;:&quot;\\u6b27\\u6d32\\uff0c\\u4e2d\\u4e1c\\uff0c\\u975e\\u6d32&quot;}]},{&quot;then_field&quot;:&quot;-1&quot;,&quot;and_rules&quot;:[{&quot;if_field&quot;:&quot;-1&quot;,&quot;operator&quot;:&quot;equals&quot;,&quot;if_value&quot;:&quot;\\u4e1c\\u5357\\u4e9a\\uff0c\\u5357\\u4e9a&quot;}]},{&quot;then_field&quot;:&quot;-1&quot;,&quot;and_rules&quot;:[{&quot;if_field&quot;:&quot;-1&quot;,&quot;operator&quot;:&quot;equals&quot;,&quot;if_value&quot;:&quot;\\u5176\\u4ed6&quot;}]}],&quot;settings&quot;:{&quot;animation&quot;:&quot;yes&quot;,&quot;animation_intime&quot;:200,&quot;animation_outtime&quot;:200,&quot;conditions_ui&quot;:&quot;normal&quot;,&quot;notice_dismissed&quot;:false,&quot;notice_dismissed_update-cf7-5.8.1&quot;:true,&quot;notice_dismissed_update-cf7-5.8.2&quot;:true,&quot;notice_dismissed_rollback-cf7-5.8.2&quot;:true,&quot;notice_dismissed_rollback-cf7-5.9.2&quot;:true,&quot;notice_dismissed_rollback-cf7-5.9.3&quot;:true,&quot;notice_dismissed_update-cf7-6.1.2&quot;:true}}\" \/><input type=\"hidden\" name=\"lang\" value=\"es\" \/><input type=\"hidden\" name=\"_wpcf7_recaptcha_response\" value=\"\" \/>\n<\/fieldset>\n<div class=\"form-request\">\n\t<div class=\"row\">\n\t\t<div class=\"columns columns-6 required\">\n\t\t\t<p><span class=\"wpcf7-form-control-wrap\" data-name=\"mc4wp-FNAME\"><input size=\"40\" maxlength=\"400\" class=\"wpcf7-form-control wpcf7-text wpcf7-validates-as-required\" aria-required=\"true\" aria-invalid=\"false\" placeholder=\"Nombre\" value=\"\" type=\"text\" name=\"mc4wp-FNAME\" \/><\/span>\n\t\t\t<\/p>\n\t\t<\/div>\n\t\t<div class=\"columns columns-6\">\n\t\t\t<p><span class=\"wpcf7-form-control-wrap\" data-name=\"mc4wp-LNAME\"><input size=\"40\" maxlength=\"400\" class=\"wpcf7-form-control wpcf7-text wpcf7-validates-as-required\" aria-required=\"true\" aria-invalid=\"false\" placeholder=\"Apellido\" value=\"\" type=\"text\" name=\"mc4wp-LNAME\" \/><\/span>\n\t\t\t<\/p>\n\t\t<\/div>\n\t<\/div>\n\t<div class=\"row\">\n\t\t<div class=\"columns columns-6 required\">\n\t\t\t<p><span class=\"wpcf7-form-control-wrap\" data-name=\"mc4wp-EMAIL\"><input size=\"40\" maxlength=\"400\" class=\"wpcf7-form-control wpcf7-email wpcf7-validates-as-required wpcf7-text wpcf7-validates-as-email\" aria-required=\"true\" aria-invalid=\"false\" placeholder=\"Email\" value=\"\" type=\"email\" name=\"mc4wp-EMAIL\" \/><\/span>\n\t\t\t<\/p>\n\t\t<\/div>\n\t\t<div class=\"columns columns-6\">\n\t\t\t<p><span class=\"wpcf7-form-control-wrap\" data-name=\"mc4wp-PHONE\"><input size=\"40\" maxlength=\"400\" class=\"wpcf7-form-control wpcf7-text\" aria-invalid=\"false\" placeholder=\"Tel\u00e9fono\" value=\"\" type=\"text\" name=\"mc4wp-PHONE\" \/><\/span>\n\t\t\t<\/p>\n\t\t<\/div>\n\t<\/div>\n\t<div class=\"row\">\n\t\t<div class=\"columns columns-6\">\n\t\t\t<p><span class=\"wpcf7-form-control-wrap\" data-name=\"mc4wp-MMERGE6\"><input size=\"40\" maxlength=\"400\" class=\"wpcf7-form-control wpcf7-text\" aria-invalid=\"false\" placeholder=\"Compa\u00f1ia\" value=\"\" type=\"text\" name=\"mc4wp-MMERGE6\" \/><\/span>\n\t\t\t<\/p>\n\t\t<\/div>\n\t\t<div class=\"columns columns-6\">\n\t\t\t<p><span class=\"wpcf7-form-control-wrap\" data-name=\"country-dropdown\"><input size=\"40\" maxlength=\"400\" class=\"wpcf7-form-control wpcf7-text wpcf7-validates-as-required\" aria-required=\"true\" aria-invalid=\"false\" placeholder=\"Pa\u00eds\" value=\"\" type=\"text\" name=\"country-dropdown\" \/><\/span>\n\t\t\t<\/p>\n\t\t<\/div>\n\t\t<div style=\"display:none\">\n\t\t\t<p><span class=\"wpcf7-form-control-wrap\" data-name=\"hidden-email-dropdown\"><input size=\"40\" maxlength=\"400\" class=\"wpcf7-form-control wpcf7-email wpcf7-validates-as-required wpcf7-text wpcf7-validates-as-email\" aria-required=\"true\" aria-invalid=\"false\" value=\"aeu.sales@amano-enzyme.com\" type=\"email\" name=\"hidden-email-dropdown\" \/><\/span>\n\t\t\t<\/p>\n\t\t<\/div>\n\t<\/div>\n\t<div class=\"row\">\n\t\t<div class=\"columns columns-12 required\">\n\t\t\t<p><span class=\"wpcf7-form-control-wrap\" data-name=\"your-subject\"><select class=\"wpcf7-form-control wpcf7-select wpcf7-validates-as-required\" aria-required=\"true\" aria-invalid=\"false\" name=\"your-subject\"><option value=\"\">Tema<\/option><option value=\"Solicitud de informaci\u00f3n general\">Solicitud de informaci\u00f3n general<\/option><option value=\"Comentarios del sitio web\">Comentarios del sitio web<\/option><option value=\"Relaciones de pareja\">Relaciones de pareja<\/option><option value=\"Relaciones con inversionistas\">Relaciones con inversionistas<\/option><option value=\"Carreras profesionales\">Carreras profesionales<\/option><\/select><\/span>\n\t\t\t<\/p>\n\t\t<\/div>\n\t<\/div>\n\t<div class=\"row\">\n\t\t<div class=\"columns columns-12\">\n\t\t\t<p><span class=\"wpcf7-form-control-wrap\" data-name=\"your-message\"><textarea cols=\"40\" rows=\"10\" maxlength=\"2000\" class=\"wpcf7-form-control wpcf7-textarea\" aria-invalid=\"false\" placeholder=\"Mensaje\" name=\"your-message\"><\/textarea><\/span>\n\t\t\t<\/p>\n\t\t<\/div>\n\t<\/div>\n\t<div class=\"row\">\n\t\t<div class=\"columns columns-12\">\n\t\t\t<p><!-- Mailchimp for WordPress v4.12.1 - https:\/\/www.mc4wp.com\/ --><input type=\"hidden\" name=\"_mc4wp_subscribe_contact-form-7\" value=\"0\" \/><span class=\"mc4wp-checkbox mc4wp-checkbox-contact-form-7 \"><label><input type=\"checkbox\" name=\"_mc4wp_subscribe_contact-form-7\" value=\"1\" checked=\"checked\"><span>S\u00ed, doy mi consentimiento para recibir comunicaciones de marketing de Amano-Enzyme<\/span><\/label><\/span><!-- \/ Mailchimp for WordPress -->\n\t\t\t<\/p>\n\t\t<\/div>\n\t<\/div>\n\t<div class=\"row\">\n\t\t<div class=\"columns columns-12\">\n\t\t\t<p><input class=\"wpcf7-form-control wpcf7-submit has-spinner\" type=\"submit\" value=\"Enviar\" \/>\n\t\t\t<\/p>\n\t\t<\/div>\n\t<\/div>\n<\/div>\n<style>.form-request .row input[type=\"checkbox\"] { width:40px; }\n<\/style><div class=\"fusion-alert alert custom alert-custom fusion-alert-center wpcf7-response-output alert-dismissable\" role=\"alert\" style=\"border-width:0px;\"><div class=\"fusion-alert-content-wrapper\"><span class=\"fusion-alert-content\"><\/span><\/div><button type=\"button\" class=\"close toggle-alert\" data-dismiss=\"alert\" aria-label=\"Close\">&times;<\/button><\/div>\n<\/form>\n<\/div>\n[vc_empty_space height=\u00bb20px\u00bb][\/vc_column_inner][vc_column_inner width=\u00bb1\/12&#8243;][\/vc_column_inner][\/vc_row_inner][vc_empty_space height=\u00bb50px\u00bb][vc_gmaps link=\u00bb#E-8_JTNDaWZyYW1lJTIwc3JjJTNEJTIyaHR0cHMlM0ElMkYlMkZ3d3cuZ29vZ2xlLmNvbSUyRm1hcHMlMkZlbWJlZCUzRnBiJTNEJTIxMW0xOCUyMTFtMTIlMjExbTMlMjExZDE0OTM0Ljc1NTY3MjEyMjY1MiUyMTJkLTEwMS4zMDE1MzM2MzI2MjI3JTIxM2QyMC42NDE1MzI5ODYyMDkzNzclMjEybTMlMjExZjAlMjEyZjAlMjEzZjAlMjEzbTIlMjExaTEwMjQlMjEyaTc2OCUyMTRmMTMuMSUyMTNtMyUyMTFtMiUyMTFzMHg4NDJjODEyNjhmN2RhNTY1JTI1M0EweDNkZDZiYjVkYTkxOWU3ZWMlMjEyc0FtYW5vJTJCRW56eW1lJTJCZGUlMkJNZXhpY28lMkJzLmEuJTJCZGUlMkJjLnYuJTIxNWUwJTIxM20yJTIxMXNlbiUyMTJzdXMlMjE0djE1MzA2MjYyODY1NjIlMjIlMjB3aWR0aCUzRCUyMjYwMCUyMiUyMGhlaWdodCUzRCUyMjQ1MCUyMiUyMGZyYW1lYm9yZGVyJTNEJTIyMCUyMiUyMHN0eWxlJTNEJTIyYm9yZGVyJTNBMCUyMiUyMGFsbG93ZnVsbHNjcmVlbiUzRSUzQyUyRmlmcmFtZSUzRSUyMA==\u00bb][\/vc_column][vc_column width=\u00bb1\/3&#8243; css=\u00bb.vc_custom_1524588648136{padding-top: 50px !important;padding-right: 50px !important;padding-bottom: 50px !important;padding-left: 50px !important;background-color: #f2f2f3 !important;}\u00bb][vc_column_text]<\/p>\n<h5>AM\u00c9RICA<\/h5>\n<p>Amano Enzyme USA Co., Ltd.<br \/>\n1415 Madeline Lane<br \/>\nElgin, IL 60124 U.S.A.<br \/>\n<a href=\"tel:1-847-649-0101\"><span class=\"ion-iphone\">1-847-649-0101<\/span><\/a><br \/>\n<span class=\"ion-printer\">1-847-649-0205<\/span><br \/>\n<a class=\"ion-email\" href=\"mailto:aeu.sales@amano-enzyme.com\">aeu.sales@amano-enzyme.com<\/a>[\/vc_column_text][vc_empty_space height=\u00bb30px\u00bb][vc_column_text]<\/p>\n<h5>OFICINAS CENTRALES<\/h5>\n<p><strong>Amano Enzyme Inc.<\/strong><br \/>\n2-7, 1-Chome, Nishiki, Naka-ku,<br \/>\nNagoya 460-8630 Japan<br \/>\n<span class=\"ion-iphone\"><a href=\"tel:81-0-52-211-3032\">81-(0)52-211-3032<\/a><\/span><br \/>\n<span class=\"ion-printer\">81-(0)52-211-3054<\/span>[\/vc_column_text][vc_empty_space height=\u00bb30px\u00bb][vc_column_text]<\/p>\n<h5 style=\"margin: 0 0 10px 0;\">UBICACIONES GLOBALES<\/h5>\n<p><strong>Amano Enzyme Europe Limited<\/strong><br \/>\nRoundway House,Cromwell Park,<br \/>\nChipping Norton, Oxfordshire<br \/>\nOX7 5SR, U.K.<br \/>\n<a href=\"tel:44-(0)1608-644677\"><span class=\"ion-iphone\">44-(0)1608-644677<\/span><\/a><br \/>\n<span class=\"ion-printer\">44-(0)1608-644336<\/span><br \/>\n<a class=\"ion-email\" href=\"mailto:aee.sales@amano-enzyme.com\">aee.sales@amano-enzyme.com<\/a><\/p>\n<p><strong>Amano Enzyme Manufacturing (China), Ltd.<\/strong><br \/>\n228 Zhongxing East Road,<br \/>\nSiyang County, Suqian City,<br \/>\nJiangsu Province, 223700 P.R.China<br \/>\n<a href=\"tel:86-0527-8518-0601\"><span class=\"ion-iphone\">86-0527-8518-0601<\/span><\/a><br \/>\n<span class=\"ion-printer\">86-0527-8522-6704<\/span><\/p>\n<p><strong>Amano Enzyme Manufacturing (China), Ltd. Shanghai Branch<\/strong><br \/>\nC3-5F \u201c800SHOW\u201d, No.800,<br \/>\nChangDe Road,<br \/>\nShanghai 200040, P.R.China<br \/>\n<a href=\"tel:86-(0)21-6249-0810\"><span class=\"ion-iphone\">86-(0)21-6249-0810<\/span><\/a><br \/>\n<span class=\"ion-printer\">86-(0)21-6248-7026<\/span><br \/>\n<a class=\"ion-email\" href=\"mailto:shanghai@amano-enzyme.com\">shanghai@amano-enzyme.com<\/a><\/p>\n<p><strong>Amano Enzyme de Mexico S.A. de C.V.<\/strong><br \/>\nAv.San Miguel de Allende 582,<br \/>\nCD.Industrial Irapuato,<br \/>\nGTO, 36541 Mexico<br \/>\n<a href=\"tel:52-462-6225021\"><span class=\"ion-iphone\">52-462-6225021<\/span><\/a><br \/>\n<span class=\"ion-printer\">52-462-6225020<\/span><\/p>\n<p><strong>Amano Enzyme Asia Pacific Office<\/strong><br \/>\nRoom No.1116, Innovation Cluster 2 Building, Tower D,<br \/>\n141 Thailand Science Park,<br \/>\nPhahonyothin Road,<br \/>\nKhlong Nueng, Pathum Thani 12120, Thailand<br \/>\n<a href=\"tel:+66-(0)2-117-8390\"><span class=\"ion-iphone\">+66-(0)2-117-8390<\/span><\/a><br \/>\n<span class=\"ion-printer\">+66-(0)2-117-8392<\/span>[\/vc_column_text][vc_empty_space height=\u00bb30px\u00bb][\/vc_column][\/vc_row][vc_row][vc_column][vc_column_text]<\/p>\n<p>[\/vc_column_text][\/vc_column][\/vc_row]<\/p>\n","protected":false},"excerpt":{"rendered":"<p>[vc_row equal_height=\u00bbyes\u00bb css=\u00bb.vc_custom_1524861857043{margin-right: 0px !important;margin-bottom: 90px !important;margin-left: 0px !important;}\u00bb el_class=\u00bbcontactUsRow\u00bb][vc_column width=\u00bb2\/3&#8243; css=\u00bb.vc_custom_1513048602768{background-color: #ffffff !important;}\u00bb el_class=\u00bbshadow\u00bb][vc_empty_space height=\u00bb50px\u00bb][vc_row_inner][vc_column_inner width=\u00bb1\/12&#8243;][\/vc_column_inner][vc_column_inner width=\u00bb5\/6&#8243;][vc_column_text css_animation=\u00bblightSpeedIn\u00bb] CONTACTO [\/vc_column_text][vc_empty_space height=\u00bb10px\u00bb][vc_column_text] Muchas gracias por visitar nuestro sitio web. Con el lanzamiento de nuestro nuevo sitio web el 2 de julio de 2018, ya no ofreceremos el Servicio de referencia de informaci\u00f3n del producto. Si [&hellip;]<\/p>\n","protected":false},"author":1,"featured_media":0,"parent":0,"menu_order":0,"comment_status":"closed","ping_status":"closed","template":"100-width.php","meta":{"_acf_changed":false,"footnotes":""},"class_list":["post-6689","page","type-page","status-publish","hentry"],"acf":[],"yoast_head":"<!-- This site is optimized with the Yoast SEO plugin v27.4 - https:\/\/yoast.com\/product\/yoast-seo-wordpress\/ -->\n<title>Contact Us | U.S. Based Specialty Enzyme Manufacturer | Amano Enzyme<\/title>\n<meta name=\"description\" content=\"Contact Us | Amano Enzyme will be glad to answer any questions by phone, fax, and email. Our office in the United States is located at Elgin, Illinois.\" \/>\n<meta name=\"robots\" content=\"index, follow, max-snippet:-1, max-image-preview:large, max-video-preview:-1\" \/>\n<link rel=\"canonical\" href=\"https:\/\/lp.amano-enzyme.com\/es\/contact\/\" \/>\n<meta property=\"og:locale\" content=\"es_ES\" \/>\n<meta property=\"og:locale:alternate\" content=\"en_US\" \/>\n<meta property=\"og:locale:alternate\" content=\"en_UK\" \/>\n<meta property=\"og:locale:alternate\" content=\"cn\" \/>\n<meta property=\"og:locale:alternate\" content=\"jp\" \/>\n<meta property=\"og:type\" content=\"article\" \/>\n<meta property=\"og:title\" content=\"Contact Us | U.S. Based Specialty Enzyme Manufacturer | Amano Enzyme\" \/>\n<meta property=\"og:description\" content=\"Contact Us | Amano Enzyme will be glad to answer any questions by phone, fax, and email. Our office in the United States is located at Elgin, Illinois.\" \/>\n<meta property=\"og:url\" content=\"https:\/\/lp.amano-enzyme.com\/es\/contact\/\" \/>\n<meta property=\"og:site_name\" content=\"Amano Enzyme\" \/>\n<meta property=\"article:modified_time\" content=\"2022-11-21T15:40:36+00:00\" \/>\n<meta name=\"twitter:card\" content=\"summary_large_image\" \/>\n<meta name=\"twitter:label1\" content=\"Tiempo de lectura\" \/>\n\t<meta name=\"twitter:data1\" content=\"4 minutos\" \/>\n<script type=\"application\/ld+json\" class=\"yoast-schema-graph\">{\"@context\":\"https:\\\/\\\/schema.org\",\"@graph\":[{\"@type\":\"WebPage\",\"@id\":\"https:\\\/\\\/lp.amano-enzyme.com\\\/contact\\\/\",\"url\":\"https:\\\/\\\/lp.amano-enzyme.com\\\/contact\\\/\",\"name\":\"Contact Us | U.S. Based Specialty Enzyme Manufacturer | Amano Enzyme\",\"isPartOf\":{\"@id\":\"https:\\\/\\\/lp.amano-enzyme.com\\\/#website\"},\"datePublished\":\"2021-05-10T18:25:26+00:00\",\"dateModified\":\"2022-11-21T15:40:36+00:00\",\"description\":\"Contact Us | Amano Enzyme will be glad to answer any questions by phone, fax, and email. Our office in the United States is located at Elgin, Illinois.\",\"breadcrumb\":{\"@id\":\"https:\\\/\\\/lp.amano-enzyme.com\\\/contact\\\/#breadcrumb\"},\"inLanguage\":\"es\",\"potentialAction\":[{\"@type\":\"ReadAction\",\"target\":[\"https:\\\/\\\/lp.amano-enzyme.com\\\/contact\\\/\"]}]},{\"@type\":\"BreadcrumbList\",\"@id\":\"https:\\\/\\\/lp.amano-enzyme.com\\\/contact\\\/#breadcrumb\",\"itemListElement\":[{\"@type\":\"ListItem\",\"position\":1,\"name\":\"Home\",\"item\":\"https:\\\/\\\/lp.amano-enzyme.com\\\/\"},{\"@type\":\"ListItem\",\"position\":2,\"name\":\"Contact Us\"}]},{\"@type\":\"WebSite\",\"@id\":\"https:\\\/\\\/lp.amano-enzyme.com\\\/#website\",\"url\":\"https:\\\/\\\/lp.amano-enzyme.com\\\/\",\"name\":\"Amano Enzyme\",\"description\":\"Exploring the unlimited possibilities for enzyme applications.\",\"publisher\":{\"@id\":\"https:\\\/\\\/lp.amano-enzyme.com\\\/#organization\"},\"potentialAction\":[{\"@type\":\"SearchAction\",\"target\":{\"@type\":\"EntryPoint\",\"urlTemplate\":\"https:\\\/\\\/lp.amano-enzyme.com\\\/?s={search_term_string}\"},\"query-input\":{\"@type\":\"PropertyValueSpecification\",\"valueRequired\":true,\"valueName\":\"search_term_string\"}}],\"inLanguage\":\"es\"},{\"@type\":\"Organization\",\"@id\":\"https:\\\/\\\/lp.amano-enzyme.com\\\/#organization\",\"name\":\"Amano Enzyme Inc.\",\"url\":\"https:\\\/\\\/lp.amano-enzyme.com\\\/\",\"logo\":{\"@type\":\"ImageObject\",\"inLanguage\":\"es\",\"@id\":\"https:\\\/\\\/lp.amano-enzyme.com\\\/#\\\/schema\\\/logo\\\/image\\\/\",\"url\":\"https:\\\/\\\/lp.amano-enzyme.com\\\/wp-content\\\/uploads\\\/2018\\\/06\\\/AmanoE-logo.png\",\"contentUrl\":\"https:\\\/\\\/lp.amano-enzyme.com\\\/wp-content\\\/uploads\\\/2018\\\/06\\\/AmanoE-logo.png\",\"width\":1247,\"height\":662,\"caption\":\"Amano Enzyme Inc.\"},\"image\":{\"@id\":\"https:\\\/\\\/lp.amano-enzyme.com\\\/#\\\/schema\\\/logo\\\/image\\\/\"}}]}<\/script>\n<!-- \/ Yoast SEO plugin. -->","yoast_head_json":{"title":"Contact Us | U.S. Based Specialty Enzyme Manufacturer | Amano Enzyme","description":"Contact Us | Amano Enzyme will be glad to answer any questions by phone, fax, and email. Our office in the United States is located at Elgin, Illinois.","robots":{"index":"index","follow":"follow","max-snippet":"max-snippet:-1","max-image-preview":"max-image-preview:large","max-video-preview":"max-video-preview:-1"},"canonical":"https:\/\/lp.amano-enzyme.com\/es\/contact\/","og_locale":"es_ES","og_type":"article","og_title":"Contact Us | U.S. Based Specialty Enzyme Manufacturer | Amano Enzyme","og_description":"Contact Us | Amano Enzyme will be glad to answer any questions by phone, fax, and email. Our office in the United States is located at Elgin, Illinois.","og_url":"https:\/\/lp.amano-enzyme.com\/es\/contact\/","og_site_name":"Amano Enzyme","article_modified_time":"2022-11-21T15:40:36+00:00","twitter_card":"summary_large_image","twitter_misc":{"Tiempo de lectura":"4 minutos"},"schema":{"@context":"https:\/\/schema.org","@graph":[{"@type":"WebPage","@id":"https:\/\/lp.amano-enzyme.com\/contact\/","url":"https:\/\/lp.amano-enzyme.com\/contact\/","name":"Contact Us | U.S. Based Specialty Enzyme Manufacturer | Amano Enzyme","isPartOf":{"@id":"https:\/\/lp.amano-enzyme.com\/#website"},"datePublished":"2021-05-10T18:25:26+00:00","dateModified":"2022-11-21T15:40:36+00:00","description":"Contact Us | Amano Enzyme will be glad to answer any questions by phone, fax, and email. Our office in the United States is located at Elgin, Illinois.","breadcrumb":{"@id":"https:\/\/lp.amano-enzyme.com\/contact\/#breadcrumb"},"inLanguage":"es","potentialAction":[{"@type":"ReadAction","target":["https:\/\/lp.amano-enzyme.com\/contact\/"]}]},{"@type":"BreadcrumbList","@id":"https:\/\/lp.amano-enzyme.com\/contact\/#breadcrumb","itemListElement":[{"@type":"ListItem","position":1,"name":"Home","item":"https:\/\/lp.amano-enzyme.com\/"},{"@type":"ListItem","position":2,"name":"Contact Us"}]},{"@type":"WebSite","@id":"https:\/\/lp.amano-enzyme.com\/#website","url":"https:\/\/lp.amano-enzyme.com\/","name":"Amano Enzyme","description":"Exploring the unlimited possibilities for enzyme applications.","publisher":{"@id":"https:\/\/lp.amano-enzyme.com\/#organization"},"potentialAction":[{"@type":"SearchAction","target":{"@type":"EntryPoint","urlTemplate":"https:\/\/lp.amano-enzyme.com\/?s={search_term_string}"},"query-input":{"@type":"PropertyValueSpecification","valueRequired":true,"valueName":"search_term_string"}}],"inLanguage":"es"},{"@type":"Organization","@id":"https:\/\/lp.amano-enzyme.com\/#organization","name":"Amano Enzyme Inc.","url":"https:\/\/lp.amano-enzyme.com\/","logo":{"@type":"ImageObject","inLanguage":"es","@id":"https:\/\/lp.amano-enzyme.com\/#\/schema\/logo\/image\/","url":"https:\/\/lp.amano-enzyme.com\/wp-content\/uploads\/2018\/06\/AmanoE-logo.png","contentUrl":"https:\/\/lp.amano-enzyme.com\/wp-content\/uploads\/2018\/06\/AmanoE-logo.png","width":1247,"height":662,"caption":"Amano Enzyme Inc."},"image":{"@id":"https:\/\/lp.amano-enzyme.com\/#\/schema\/logo\/image\/"}}]}},"_links":{"self":[{"href":"https:\/\/lp.amano-enzyme.com\/es\/wp-json\/wp\/v2\/pages\/6689","targetHints":{"allow":["GET"]}}],"collection":[{"href":"https:\/\/lp.amano-enzyme.com\/es\/wp-json\/wp\/v2\/pages"}],"about":[{"href":"https:\/\/lp.amano-enzyme.com\/es\/wp-json\/wp\/v2\/types\/page"}],"author":[{"embeddable":true,"href":"https:\/\/lp.amano-enzyme.com\/es\/wp-json\/wp\/v2\/users\/1"}],"replies":[{"embeddable":true,"href":"https:\/\/lp.amano-enzyme.com\/es\/wp-json\/wp\/v2\/comments?post=6689"}],"version-history":[{"count":0,"href":"https:\/\/lp.amano-enzyme.com\/es\/wp-json\/wp\/v2\/pages\/6689\/revisions"}],"wp:attachment":[{"href":"https:\/\/lp.amano-enzyme.com\/es\/wp-json\/wp\/v2\/media?parent=6689"}],"curies":[{"name":"wp","href":"https:\/\/api.w.org\/{rel}","templated":true}]}}