{"id":5087,"date":"2019-01-22T22:32:50","date_gmt":"2019-01-22T22:32:50","guid":{"rendered":"https:\/\/amano.f5agency.com\/uk\/?page_id=5087"},"modified":"2019-04-16T23:37:56","modified_gmt":"2019-04-16T23:37:56","slug":"cookie-policy","status":"publish","type":"page","link":"https:\/\/lp.amano-enzyme.com\/es\/cookie-policy\/","title":{"rendered":"Cookie Policy"},"content":{"rendered":"<p><strong><u>ANUNCIO DE GDPR (en el sitio web)<\/u><\/strong><\/p>\n<p>Utilizamos <em>cookies <\/em>y otras tecnolog\u00edas similares para mejorar su experiencia de navegaci\u00f3n y la funcionalidad de nuestro sitio. Al hacer clic en \u201cAceptar todas las <em>cookies<\/em>\u201d, usted acepta el almacenamiento en su dispositivo de todas las tecnolog\u00edas que se describen en nuestra <u>Pol\u00edtica de <em>Cookies<\/em><\/u><em>. <\/em>La configuraci\u00f3n actual de las <em>cookies <\/em>se puede cambiar en cualquier momento haciendo clic en \u201c<u>Preferencias de <em>cookies<\/em><\/u>\u201d. Tambi\u00e9n le animamos a leer nuestra <u>Pol\u00edtica de privacidad<\/u> y los <u>T\u00e9rminos de uso<\/u> para comprender mejor c\u00f3mo mantenemos nuestro sitio y c\u00f3mo podemos recopilar y utilizar los datos de los visitantes.<\/p>\n<p><strong><u>Muestra de la Pol\u00edtica de <em>cookies<\/em><\/u><\/strong><\/p>\n<p><strong>Qu\u00e9 son las <em>cookies<\/em><\/strong><br \/>\nLas <em>cookies<\/em> son peque\u00f1os archivos de texto que se encuentran en su navegador. Cuando usted accede a un sitio web, se env\u00eda una <em>cookie<\/em> a su dispositivo a trav\u00e9s de la cual accede al sitio web, enviando informaci\u00f3n al navegador. Las <em>cookies<\/em> son muy comunes y se utilizan en numerosos sitios web. Esto sucede porque las <em>cookies<\/em> permiten que aquellos que administran el sitio web hagan cosas \u00fatiles; por ejemplo, una <em>cookie<\/em> le permite al administrador del sitio web saber si una computadora (y probablemente su usuario) ha visitado el sitio anteriormente. En general, el prop\u00f3sito de las <em>cookies<\/em> es mejorar el funcionamiento del sitio web y la experiencia del usuario al usarlo.<\/p>\n<p>Para obtener m\u00e1s informaci\u00f3n general sobre las <em>cookies, <\/em>consulte el art\u00edculo de Wikipedia sobre las <em>cookies<\/em> (<a href=\"http:\/\/it.wikipedia.org\/wiki\/Cookie\" target=\"_blank\" rel=\"noopener\">http:\/\/it.wikipedia.org\/wiki\/Cookie<\/a>).<\/p>\n<p><strong>Desactivaci\u00f3n de las <em>cookies<\/em><\/strong><br \/>\nPuede desactivar las <em>cookies<\/em> cambiando la configuraci\u00f3n de su navegador (le sugerimos que visite la secci\u00f3n de ayuda de su navegador para entender mejor c\u00f3mo hacerlo). Sin embargo, tenga en cuenta que deshabilitar las <em>cookies<\/em> puede deshabilitar algunas funciones de \u00e9ste y muchos otros sitios web que visitar\u00e1.\u00a0 De hecho, la desactivaci\u00f3n de las <em>cookies<\/em> suele provocar la interrupci\u00f3n de algunas de las funciones del sitio. Por lo tanto, se aconseja no desactivar las <em>cookies<\/em>.<\/p>\n<p><strong>Las <em>cookies <\/em>esenciales<\/strong><br \/>\nEstas <em>cookies<\/em> son esenciales para permitir al usuario el uso del sitio. Las <em>cookies<\/em> esenciales son <em>cookies<\/em> de origen y pueden ser permanentes o temporales. Sin estas <em>cookies,<\/em> el sitio no funcionar\u00eda correctamente.<\/p>\n<p><strong><em>Cookies <\/em>de terceros<\/strong><br \/>\nPara algunas funciones del sitio utilizamos <em>cookies <\/em>proporcionadas por terceros. No controlamos las <em>cookies <\/em>utilizadas por estos servicios, por lo que invitamos al usuario a acceder al sitio de estos terceros para obtener la informaci\u00f3n adecuada.<\/p>\n<p>Este sitio utiliza <em>Google Analytics<\/em>, que es uno de los programas m\u00e1s populares para an\u00e1lisis web. Esto nos permite entender c\u00f3mo se usa el sitio y, por lo tanto, nos permite mejorar su experiencia. Estas <em>cookies<\/em> pueden rastrear diferentes elementos, por ejemplo, cu\u00e1nto tiempo se pasa en el sitio y las p\u00e1ginas visitadas de forma completamente an\u00f3nima.<\/p>\n<p>Para obtener m\u00e1s informaci\u00f3n sobre las <em>cookies<\/em> de <em>Google Analytics<\/em>, consulte la p\u00e1gina oficial de <em>Google Analytics<\/em> (<a href=\"https:\/\/developers.google.com\/analytics\/devguides\/collection\/analyticsjs\/cookie-usage\" target=\"_blank\" rel=\"noopener\">https:\/\/developers.google.com\/analytics\/devguides\/collection\/analyticsjs\/cookie-usage<\/a>).<\/p>\n<p>En algunas p\u00e1ginas de nuestro sitio puede haber contenidos de servicios como <em>YouTube, Facebook, Twitter<\/em> y otras redes sociales. Para sus funciones estos sitios enviar\u00e1n <em>cookies<\/em> a trav\u00e9s de nuestro sitio. Estas <em>cookies<\/em> se utilizar\u00e1n para mejorar el perfil en su sitio o para contribuir a los datos en su poder para los diversos fines indicados en las pol\u00edticas de privacidad respectivas.<\/p>\n<p><strong>M\u00e1s informaci\u00f3n<\/strong><br \/>\nSi desea m\u00e1s informaci\u00f3n sobre la pol\u00edtica de <em>Cookies, <\/em>puede contactarnos a trav\u00e9s de nuestro formulario de contacto.<\/p>\n","protected":false},"excerpt":{"rendered":"<p>ANUNCIO DE GDPR (en el sitio web) Utilizamos cookies y otras tecnolog\u00edas similares para mejorar su experiencia de navegaci\u00f3n y la funcionalidad de nuestro sitio. Al hacer clic en \u201cAceptar todas las cookies\u201d, usted acepta el almacenamiento en su dispositivo de todas las tecnolog\u00edas que se describen en nuestra Pol\u00edtica de Cookies. La configuraci\u00f3n actual [&hellip;]<\/p>\n","protected":false},"author":6,"featured_media":0,"parent":0,"menu_order":0,"comment_status":"closed","ping_status":"closed","template":"","meta":{"_acf_changed":false,"footnotes":""},"class_list":["post-5087","page","type-page","status-publish","hentry"],"acf":[],"yoast_head":"<!-- This site is optimized with the Yoast SEO plugin v27.4 - https:\/\/yoast.com\/product\/yoast-seo-wordpress\/ -->\n<title>Cookie Policy<\/title>\n<meta name=\"robots\" content=\"index, follow, max-snippet:-1, max-image-preview:large, max-video-preview:-1\" \/>\n<link rel=\"canonical\" href=\"https:\/\/lp.amano-enzyme.com\/es\/cookie-policy\/\" \/>\n<meta property=\"og:locale\" content=\"es_ES\" \/>\n<meta property=\"og:locale:alternate\" content=\"en_US\" \/>\n<meta property=\"og:locale:alternate\" content=\"en_UK\" \/>\n<meta property=\"og:locale:alternate\" content=\"cn\" \/>\n<meta property=\"og:locale:alternate\" content=\"jp\" \/>\n<meta property=\"og:type\" content=\"article\" \/>\n<meta property=\"og:title\" content=\"Cookie Policy\" \/>\n<meta property=\"og:description\" content=\"ANUNCIO DE GDPR (en el sitio web) Utilizamos cookies y otras tecnolog\u00edas similares para mejorar su experiencia de navegaci\u00f3n y la funcionalidad de nuestro sitio. Al hacer clic en \u201cAceptar todas las cookies\u201d, usted acepta el almacenamiento en su dispositivo de todas las tecnolog\u00edas que se describen en nuestra Pol\u00edtica de Cookies. La configuraci\u00f3n actual [&hellip;]\" \/>\n<meta property=\"og:url\" content=\"https:\/\/lp.amano-enzyme.com\/es\/cookie-policy\/\" \/>\n<meta property=\"og:site_name\" content=\"Amano Enzyme\" \/>\n<meta property=\"article:modified_time\" content=\"2019-04-16T23:37:56+00:00\" \/>\n<meta name=\"twitter:card\" content=\"summary_large_image\" \/>\n<meta name=\"twitter:label1\" content=\"Tiempo de lectura\" \/>\n\t<meta name=\"twitter:data1\" content=\"8 minutos\" \/>\n<script type=\"application\/ld+json\" class=\"yoast-schema-graph\">{\"@context\":\"https:\\\/\\\/schema.org\",\"@graph\":[{\"@type\":\"WebPage\",\"@id\":\"https:\\\/\\\/lp.amano-enzyme.com\\\/cookie-policy\\\/\",\"url\":\"https:\\\/\\\/lp.amano-enzyme.com\\\/cookie-policy\\\/\",\"name\":\"Cookie Policy\",\"isPartOf\":{\"@id\":\"https:\\\/\\\/lp.amano-enzyme.com\\\/#website\"},\"datePublished\":\"2019-01-22T22:32:50+00:00\",\"dateModified\":\"2019-04-16T23:37:56+00:00\",\"breadcrumb\":{\"@id\":\"https:\\\/\\\/lp.amano-enzyme.com\\\/cookie-policy\\\/#breadcrumb\"},\"inLanguage\":\"es\",\"potentialAction\":[{\"@type\":\"ReadAction\",\"target\":[\"https:\\\/\\\/lp.amano-enzyme.com\\\/cookie-policy\\\/\"]}]},{\"@type\":\"BreadcrumbList\",\"@id\":\"https:\\\/\\\/lp.amano-enzyme.com\\\/cookie-policy\\\/#breadcrumb\",\"itemListElement\":[{\"@type\":\"ListItem\",\"position\":1,\"name\":\"Home\",\"item\":\"https:\\\/\\\/lp.amano-enzyme.com\\\/\"},{\"@type\":\"ListItem\",\"position\":2,\"name\":\"Cookie Policy\"}]},{\"@type\":\"WebSite\",\"@id\":\"https:\\\/\\\/lp.amano-enzyme.com\\\/#website\",\"url\":\"https:\\\/\\\/lp.amano-enzyme.com\\\/\",\"name\":\"Amano Enzyme\",\"description\":\"Exploring the unlimited possibilities for enzyme applications.\",\"publisher\":{\"@id\":\"https:\\\/\\\/lp.amano-enzyme.com\\\/#organization\"},\"potentialAction\":[{\"@type\":\"SearchAction\",\"target\":{\"@type\":\"EntryPoint\",\"urlTemplate\":\"https:\\\/\\\/lp.amano-enzyme.com\\\/?s={search_term_string}\"},\"query-input\":{\"@type\":\"PropertyValueSpecification\",\"valueRequired\":true,\"valueName\":\"search_term_string\"}}],\"inLanguage\":\"es\"},{\"@type\":\"Organization\",\"@id\":\"https:\\\/\\\/lp.amano-enzyme.com\\\/#organization\",\"name\":\"Amano Enzyme Inc.\",\"url\":\"https:\\\/\\\/lp.amano-enzyme.com\\\/\",\"logo\":{\"@type\":\"ImageObject\",\"inLanguage\":\"es\",\"@id\":\"https:\\\/\\\/lp.amano-enzyme.com\\\/#\\\/schema\\\/logo\\\/image\\\/\",\"url\":\"https:\\\/\\\/lp.amano-enzyme.com\\\/wp-content\\\/uploads\\\/2018\\\/06\\\/AmanoE-logo.png\",\"contentUrl\":\"https:\\\/\\\/lp.amano-enzyme.com\\\/wp-content\\\/uploads\\\/2018\\\/06\\\/AmanoE-logo.png\",\"width\":1247,\"height\":662,\"caption\":\"Amano Enzyme Inc.\"},\"image\":{\"@id\":\"https:\\\/\\\/lp.amano-enzyme.com\\\/#\\\/schema\\\/logo\\\/image\\\/\"}}]}<\/script>\n<!-- \/ Yoast SEO plugin. -->","yoast_head_json":{"title":"Cookie Policy","robots":{"index":"index","follow":"follow","max-snippet":"max-snippet:-1","max-image-preview":"max-image-preview:large","max-video-preview":"max-video-preview:-1"},"canonical":"https:\/\/lp.amano-enzyme.com\/es\/cookie-policy\/","og_locale":"es_ES","og_type":"article","og_title":"[:en]Cookie Policy[:uk]Cookie Policy[:es]Cookie Policy[:cn]Cookie Policy[:] - Amano Enzyme","og_description":"ANUNCIO DE GDPR (en el sitio web) Utilizamos cookies y otras tecnolog\u00edas similares para mejorar su experiencia de navegaci\u00f3n y la funcionalidad de nuestro sitio. Al hacer clic en \u201cAceptar todas las cookies\u201d, usted acepta el almacenamiento en su dispositivo de todas las tecnolog\u00edas que se describen en nuestra Pol\u00edtica de Cookies. La configuraci\u00f3n actual [&hellip;]","og_url":"https:\/\/lp.amano-enzyme.com\/es\/cookie-policy\/","og_site_name":"Amano Enzyme","article_modified_time":"2019-04-16T23:37:56+00:00","twitter_card":"summary_large_image","twitter_misc":{"Tiempo de lectura":"8 minutos"},"schema":{"@context":"https:\/\/schema.org","@graph":[{"@type":"WebPage","@id":"https:\/\/lp.amano-enzyme.com\/cookie-policy\/","url":"https:\/\/lp.amano-enzyme.com\/cookie-policy\/","name":"Cookie Policy","isPartOf":{"@id":"https:\/\/lp.amano-enzyme.com\/#website"},"datePublished":"2019-01-22T22:32:50+00:00","dateModified":"2019-04-16T23:37:56+00:00","breadcrumb":{"@id":"https:\/\/lp.amano-enzyme.com\/cookie-policy\/#breadcrumb"},"inLanguage":"es","potentialAction":[{"@type":"ReadAction","target":["https:\/\/lp.amano-enzyme.com\/cookie-policy\/"]}]},{"@type":"BreadcrumbList","@id":"https:\/\/lp.amano-enzyme.com\/cookie-policy\/#breadcrumb","itemListElement":[{"@type":"ListItem","position":1,"name":"Home","item":"https:\/\/lp.amano-enzyme.com\/"},{"@type":"ListItem","position":2,"name":"Cookie Policy"}]},{"@type":"WebSite","@id":"https:\/\/lp.amano-enzyme.com\/#website","url":"https:\/\/lp.amano-enzyme.com\/","name":"Amano Enzyme","description":"Exploring the unlimited possibilities for enzyme applications.","publisher":{"@id":"https:\/\/lp.amano-enzyme.com\/#organization"},"potentialAction":[{"@type":"SearchAction","target":{"@type":"EntryPoint","urlTemplate":"https:\/\/lp.amano-enzyme.com\/?s={search_term_string}"},"query-input":{"@type":"PropertyValueSpecification","valueRequired":true,"valueName":"search_term_string"}}],"inLanguage":"es"},{"@type":"Organization","@id":"https:\/\/lp.amano-enzyme.com\/#organization","name":"Amano Enzyme Inc.","url":"https:\/\/lp.amano-enzyme.com\/","logo":{"@type":"ImageObject","inLanguage":"es","@id":"https:\/\/lp.amano-enzyme.com\/#\/schema\/logo\/image\/","url":"https:\/\/lp.amano-enzyme.com\/wp-content\/uploads\/2018\/06\/AmanoE-logo.png","contentUrl":"https:\/\/lp.amano-enzyme.com\/wp-content\/uploads\/2018\/06\/AmanoE-logo.png","width":1247,"height":662,"caption":"Amano Enzyme Inc."},"image":{"@id":"https:\/\/lp.amano-enzyme.com\/#\/schema\/logo\/image\/"}}]}},"_links":{"self":[{"href":"https:\/\/lp.amano-enzyme.com\/es\/wp-json\/wp\/v2\/pages\/5087","targetHints":{"allow":["GET"]}}],"collection":[{"href":"https:\/\/lp.amano-enzyme.com\/es\/wp-json\/wp\/v2\/pages"}],"about":[{"href":"https:\/\/lp.amano-enzyme.com\/es\/wp-json\/wp\/v2\/types\/page"}],"author":[{"embeddable":true,"href":"https:\/\/lp.amano-enzyme.com\/es\/wp-json\/wp\/v2\/users\/6"}],"replies":[{"embeddable":true,"href":"https:\/\/lp.amano-enzyme.com\/es\/wp-json\/wp\/v2\/comments?post=5087"}],"version-history":[{"count":0,"href":"https:\/\/lp.amano-enzyme.com\/es\/wp-json\/wp\/v2\/pages\/5087\/revisions"}],"wp:attachment":[{"href":"https:\/\/lp.amano-enzyme.com\/es\/wp-json\/wp\/v2\/media?parent=5087"}],"curies":[{"name":"wp","href":"https:\/\/api.w.org\/{rel}","templated":true}]}}