{"id":5082,"date":"2019-01-22T21:59:01","date_gmt":"2019-01-22T21:59:01","guid":{"rendered":"https:\/\/amano.f5agency.com\/uk\/?page_id=5082"},"modified":"2023-05-26T16:20:05","modified_gmt":"2023-05-26T16:20:05","slug":"privacy-policy","status":"publish","type":"page","link":"https:\/\/lp.amano-enzyme.com\/es\/privacy-policy\/","title":{"rendered":"Privacy Policy"},"content":{"rendered":"<p><strong>Aviso de privacidad y consentimiento de <em>Amano Enzyme Europe Limited<\/em> (la \u201cCompa\u00f1\u00eda\u201d)<\/strong><\/p>\n<p>Este aviso explica c\u00f3mo se utiliza la informaci\u00f3n sobre usted.<\/p>\n<p>La Compa\u00f1\u00eda ser\u00e1 la que controla los datos y se puede contactar de la siguiente manera:<\/p>\n<p>Por correo: Data Protection Manager, Amano Enzyme Europe Limited, 2nd Floor West, 25 Western Avenue, Milton Park Abingdon, Oxfordshire, OX14 4SH<\/p>\n<p>Por correo electr\u00f3nico: <a href=\"mailto:GDPR@amano-enzyme.com\" target=\"_blank\" rel=\"noopener\">GDPR@amano-enzyme.com<\/a><\/p>\n<p>Por tel\u00e9fono: +44 \uff080\uff091608644677<\/p>\n<p><strong>La informaci\u00f3n que recopilamos<\/strong><\/p>\n<p>La Compa\u00f1\u00eda recopila cierta informaci\u00f3n sobre usted. La informaci\u00f3n sobre usted tambi\u00e9n es utilizada por nuestras entidades afiliadas y compa\u00f1\u00edas del grupo, incluyendo <em>Amano Enzyme Inc., <\/em>en Jap\u00f3n (nuestras \u201ccompa\u00f1\u00edas del grupo\u201d). Cuando lo hacemos, estamos regulados por el Reglamento General de Protecci\u00f3n de Datos que se aplica en toda la Uni\u00f3n Europea (incluyendo el Reino Unido) y somos responsables de esa informaci\u00f3n personal para los fines de dichas leyes.<\/p>\n<p>En este aviso, las referencias \u2018nosotros\u2019 se refieren a la Compa\u00f1\u00eda y a las compa\u00f1\u00edas de nuestro grupo.<\/p>\n<p>La informaci\u00f3n que recopilamos sobre usted puede incluir, sin limitaci\u00f3n, su nombre y datos de contacto. La provisi\u00f3n de su informaci\u00f3n es totalmente voluntaria.<\/p>\n<p>Tambi\u00e9n podemos obtener informaci\u00f3n sobre usted de terceros, como las compa\u00f1\u00edas del grupo y los proveedores y agentes de servicios.<\/p>\n<p>Contamos con las medidas de seguridad adecuadas para evitar que la informaci\u00f3n personal se pierda, use o acceda de forma no autorizada. Limitamos el acceso a su informaci\u00f3n personal a aquellos que tienen una necesidad comercial aut\u00e9ntica de conocerla. Aquellos que procesan su informaci\u00f3n lo har\u00e1n solo de manera autorizada y est\u00e1n sujetos a un deber de confidencialidad.<\/p>\n<p>Tambi\u00e9n contamos con procedimientos para lidiar con cualquier sospecha de violaci\u00f3n de seguridad de los datos. Le notificaremos a usted y a cualquier regulador aplicable de una sospecha de violaci\u00f3n de seguridad de los datos cuando estemos legalmente obligados a hacerlo.<\/p>\n<p><strong>La base legal para su procesamiento<\/strong><\/p>\n<p>El procesamiento a veces se llevar\u00e1 a cabo en funci\u00f3n de nuestros intereses leg\u00edtimos. Nuestros intereses leg\u00edtimos pueden ser que realicemos o podamos hacer negocios con su empleador o posible empleador. Hay un impacto limitado en su privacidad, y creemos que espera que procesemos sus datos de esta manera.<\/p>\n<p>En ocasiones, podemos procesar sus datos en funci\u00f3n de su consentimiento claro e informado. Cuando usted haya dado su consentimiento para el procesamiento de datos, tiene derecho a retirarlo en cualquier momento.<\/p>\n<p><strong>Informaci\u00f3n sobre terceros<\/strong><\/p>\n<p>La informaci\u00f3n que procesamos como se describe en este aviso tambi\u00e9n puede incluir informaci\u00f3n sobre terceros, como las personas cuyos detalles usted nos proporciona.<\/p>\n<p><strong>Sistemas utilizados para procesar datos<\/strong><\/p>\n<p>Recopilamos informaci\u00f3n directamente de usted y tambi\u00e9n a trav\u00e9s de nuestros sitios web y otros sistemas t\u00e9cnicos. Estos pueden incluir, por ejemplo:<\/p>\n<ul>\n<li>Nuestras redes y conexiones de computaci\u00f3n<\/li>\n<li>Nuestros sistemas de comunicaciones<\/li>\n<li>Nuestros sistemas de correo electr\u00f3nico y mensajer\u00eda instant\u00e1nea<\/li>\n<li>Nuestras instalaciones de intranet e internet<\/li>\n<li>Nuestros registros telef\u00f3nicos, correo de voz y telefon\u00eda m\u00f3vil<\/li>\n<\/ul>\n<p><strong>Cookies<\/strong><\/p>\n<p>Cuando utiliza nuestro sitio web, podemos recopilar informaci\u00f3n sobre usted a trav\u00e9s de registros de acceso a Internet, <em>cookies<\/em> y otros medios t\u00e9cnicos. Las \u201c<em>cookies<\/em>\u201d son archivos de texto que se colocan en su computadora para recopilar informaci\u00f3n de registro de Internet e informaci\u00f3n sobre el comportamiento del usuario. \u00c9stas se utilizan para rastrear el uso del sitio web y monitorear la actividad del sitio web y por otros motivos de procesamiento de datos que se detallan a continuaci\u00f3n.<\/p>\n<p>Algunos de las <em>cookies<\/em> que utilizamos son esenciales para que algunas partes del sitio funcionen y ya est\u00e1n configuradas. Puede eliminar y bloquear todas las <em>cookies<\/em> de este sitio, pero partes del sitio no funcionar\u00e1n. Para obtener m\u00e1s informaci\u00f3n sobre las <em>cookies<\/em> que utilizamos y c\u00f3mo eliminarlas, visite <a href=\"https:\/\/lp.amano-enzyme.com\/es\/cookie-policy\" target=\"_blank\" rel=\"noopener\">https:\/\/lp.amano-enzyme.com\/es\/cookie-policy<\/a>.<\/p>\n<p><strong>Razones para procesamiento<\/strong><\/p>\n<p>Procesamos informaci\u00f3n sobre usted por los siguientes motivos:<\/p>\n<ul>\n<li>Prestar nuestros servicios<\/li>\n<li>Cumplimiento con las obligaciones legales, regulatorias y de gobierno corporativo y buenas pr\u00e1cticas<\/li>\n<li>Recopilaci\u00f3n de informaci\u00f3n como parte de las investigaciones de los organismos reguladores o en relaci\u00f3n con procedimientos o solicitudes legales<\/li>\n<li>Asegurarse de que las pol\u00edticas de negocio se cumplan<\/li>\n<li>Razones operativas, como el registro de transacciones, capacitaci\u00f3n y control de calidad<\/li>\n<li>Garantizar la confidencialidad de la informaci\u00f3n comercial sensible<\/li>\n<li>Control de seguridad, calificaci\u00f3n y revisi\u00f3n crediticia, investigaci\u00f3n de reclamos, quejas y denuncias de delitos penales<\/li>\n<li>An\u00e1lisis estad\u00edstico<\/li>\n<li>Prevenci\u00f3n de accesos no autorizados y modificaciones a los sistemas<\/li>\n<li>Comercializaci\u00f3n de nuestro negocio y de los negocios de nuestro grupo<\/li>\n<li>An\u00e1lisis de preferencias de compras y mejora de servicios<\/li>\n<li>Prestar servicios al cliente<\/li>\n<\/ul>\n<p><strong>Divulgaci\u00f3n e intercambio de informaci\u00f3n y transferencias fuera del EEE<\/strong><\/p>\n<p>Podemos divulgar e intercambiar informaci\u00f3n con las compa\u00f1\u00edas de nuestro grupo, agencias de referencia de cr\u00e9dito, proveedores de servicios, representantes y agentes, as\u00ed como con las agencias de aplicaci\u00f3n de la ley y los organismos reguladores por las razones anteriores.<\/p>\n<p>La informaci\u00f3n se puede mantener en nuestras oficinas y en las de las compa\u00f1\u00edas de nuestro grupo, agencias de referencia de cr\u00e9dito, proveedores de servicios, representantes y agentes de terceros, tal como se describe arriba. La informaci\u00f3n puede ser transferida internacionalmente a Jap\u00f3n y a otros pa\u00edses alrededor del mundo, incluyendo aquellos sin leyes de protecci\u00f3n de datos como las del Reino Unido, por las razones descritas arriba. Hemos implementado medidas de seguridad para garantizar que exista la seguridad adecuada para la informaci\u00f3n que tenemos, incluyendo las medidas detalladas en nuestras pol\u00edticas de seguridad de la informaci\u00f3n y protecci\u00f3n de datos, que est\u00e1n disponibles a solicitud. Para las transferencias a <em>Amano Enzyme Inc.,<\/em> la Compa\u00f1\u00eda ha establecido Cl\u00e1usulas contractuales est\u00e1ndar para proteger estos datos, seg\u00fan el Art\u00edculo 46 (2) de GDPR.<\/p>\n<p>Si desea obtener m\u00e1s informaci\u00f3n, p\u00f3ngase en contacto con nuestro administrador de protecci\u00f3n de datos (ver arriba). De lo contrario, no transferiremos sus datos personales fuera del EEE, ni a ninguna organizaci\u00f3n (u organismos subordinados) regidos por el derecho internacional p\u00fablico o que se establezca en virtud de cualquier acuerdo entre dos o m\u00e1s pa\u00edses.<\/p>\n<p><strong>Per\u00edodos de retenci\u00f3n<\/strong><\/p>\n<p>Sus datos se conservar\u00e1n de acuerdo con la pol\u00edtica de retenci\u00f3n de la Compa\u00f1\u00eda, que est\u00e1 disponible a solicitud. En general, sus datos se almacenar\u00e1n el tiempo que dure su relaci\u00f3n con nosotros, m\u00e1s 6 a\u00f1os.<\/p>\n<p><strong>Consultas adicionales<\/strong><\/p>\n<p>P\u00f3ngase en contacto con el Administrador de Protecci\u00f3n de Datos si desea corregir o solicitar (de acuerdo con la legislaci\u00f3n aplicable) la informaci\u00f3n que tenemos en relaci\u00f3n con usted o si tiene alguna pregunta en relaci\u00f3n con lo anterior.<\/p>\n<p><strong>Sus derechos<\/strong><\/p>\n<p>Usted tiene una serie de derechos importantes, que pueden ejercerse de forma gratuita. Usted tiene el derecho de solicitar:<\/p>\n<ul>\n<li>Acceso a su informaci\u00f3n personal y a otra informaci\u00f3n complementaria que este Aviso de Privacidad ya est\u00e1 dise\u00f1ado para abordar<\/li>\n<li>Exigirnos que corrijamos cualquier error que tengamos en su informaci\u00f3n<\/li>\n<li>Exigir la eliminaci\u00f3n de la informaci\u00f3n personal que le concierne en ciertas situaciones<\/li>\n<li>Recibir la informaci\u00f3n personal sobre usted que nos ha proporcionado, en un formato estructurado, de uso com\u00fan y legible por m\u00e1quina y tiene derecho a transmitir esos datos a un tercero en determinadas situaciones<\/li>\n<li>Objetar en cualquier momento el procesamiento de la informaci\u00f3n personal que le concierne para su comercializaci\u00f3n directa<\/li>\n<li>Oponerse a que las decisiones se tomen por medios automatizados que produzcan efectos legales que le conciernen o que le afecten significativamente<\/li>\n<li>Oponerse en ciertas otras situaciones a nuestro procesamiento continuo de su informaci\u00f3n personal<\/li>\n<li>De otra manera, restringir nuestro procesamiento de su informaci\u00f3n personal en ciertas circunstancias<\/li>\n<\/ul>\n<p>Cuando haya dado su consentimiento para el procesamiento de datos, tiene derecho a retirarlo en cualquier momento. No haremos nada con sus datos que no se describa en este aviso.<\/p>\n<p>Para obtener m\u00e1s informaci\u00f3n sobre cada uno de esos derechos, incluyendo las circunstancias que se aplican, consulte la Gu\u00eda de la Oficina del Comisionado de Informaci\u00f3n del Reino Unido (ICO, por sus siglas en ingl\u00e9s) sobre los derechos de las personas en virtud del Reglamento General de Protecci\u00f3n de Datos.<\/p>\n<p>Si desea ejercer alguno de estos derechos, comun\u00edquese por escrito con nuestro Administrador de Protecci\u00f3n de Datos (ver arriba), proporcionando suficiente informaci\u00f3n para identificarlo y h\u00e1ganos saber qu\u00e9 informaci\u00f3n se relaciona con su solicitud.<\/p>\n<p>Si no est\u00e1 satisfecho con cualquier queja que tenga con nosotros, tambi\u00e9n tiene derecho a presentar una queja ante la Oficina del Comisionado de la Informaci\u00f3n, que es la autoridad reguladora en el Reino Unido en relaci\u00f3n con el procesamiento de datos. Puede ponerse en contacto con el Comisionado de la Informaci\u00f3n en <a href=\"http:\/\/ico.org.uk\/concerns\/\" target=\"_blank\" rel=\"noopener\">ico.org.uk\/concerns\/<\/a> o por tel\u00e9fono, al 0303 123 1113, para obtener m\u00e1s informaci\u00f3n sobre sus derechos y sobre c\u00f3mo presentar una queja formal.<\/p>\n<p>Podemos cambiar este aviso de privacidad de vez en cuando.\u00a0 Cuando lo hagamos, le informaremos por correo electr\u00f3nico.<\/p>\n<p>&nbsp;<\/p>\n<p>&nbsp;<\/p>\n","protected":false},"excerpt":{"rendered":"<p>Aviso de privacidad y consentimiento de Amano Enzyme Europe Limited (la \u201cCompa\u00f1\u00eda\u201d) Este aviso explica c\u00f3mo se utiliza la informaci\u00f3n sobre usted. La Compa\u00f1\u00eda ser\u00e1 la que controla los datos y se puede contactar de la siguiente manera: Por correo: Data Protection Manager, Amano Enzyme Europe Limited, 2nd Floor West, 25 Western Avenue, Milton Park [&hellip;]<\/p>\n","protected":false},"author":6,"featured_media":0,"parent":0,"menu_order":0,"comment_status":"closed","ping_status":"closed","template":"","meta":{"_acf_changed":false,"footnotes":""},"class_list":["post-5082","page","type-page","status-publish","hentry"],"acf":[],"yoast_head":"<!-- This site is optimized with the Yoast SEO plugin v27.4 - https:\/\/yoast.com\/product\/yoast-seo-wordpress\/ -->\n<title>Privacy Policy<\/title>\n<meta name=\"robots\" content=\"index, follow, max-snippet:-1, max-image-preview:large, max-video-preview:-1\" \/>\n<link rel=\"canonical\" href=\"https:\/\/lp.amano-enzyme.com\/es\/privacy-policy\/\" \/>\n<meta property=\"og:locale\" content=\"es_ES\" \/>\n<meta property=\"og:locale:alternate\" content=\"en_US\" \/>\n<meta property=\"og:locale:alternate\" content=\"en_UK\" \/>\n<meta property=\"og:locale:alternate\" content=\"cn\" \/>\n<meta property=\"og:locale:alternate\" content=\"jp\" \/>\n<meta property=\"og:type\" content=\"article\" \/>\n<meta property=\"og:title\" content=\"Privacy Policy\" \/>\n<meta property=\"og:description\" content=\"Aviso de privacidad y consentimiento de Amano Enzyme Europe Limited (la \u201cCompa\u00f1\u00eda\u201d) Este aviso explica c\u00f3mo se utiliza la informaci\u00f3n sobre usted. La Compa\u00f1\u00eda ser\u00e1 la que controla los datos y se puede contactar de la siguiente manera: Por correo: Data Protection Manager, Amano Enzyme Europe Limited, 2nd Floor West, 25 Western Avenue, Milton Park [&hellip;]\" \/>\n<meta property=\"og:url\" content=\"https:\/\/lp.amano-enzyme.com\/es\/privacy-policy\/\" \/>\n<meta property=\"og:site_name\" content=\"Amano Enzyme\" \/>\n<meta property=\"article:modified_time\" content=\"2023-05-26T16:20:05+00:00\" \/>\n<meta name=\"twitter:card\" content=\"summary_large_image\" \/>\n<meta name=\"twitter:label1\" content=\"Tiempo de lectura\" \/>\n\t<meta name=\"twitter:data1\" content=\"1 minuto\" \/>\n<script type=\"application\/ld+json\" class=\"yoast-schema-graph\">{\"@context\":\"https:\\\/\\\/schema.org\",\"@graph\":[{\"@type\":\"WebPage\",\"@id\":\"https:\\\/\\\/lp.amano-enzyme.com\\\/privacy-policy\\\/\",\"url\":\"https:\\\/\\\/lp.amano-enzyme.com\\\/privacy-policy\\\/\",\"name\":\"Privacy Policy\",\"isPartOf\":{\"@id\":\"https:\\\/\\\/lp.amano-enzyme.com\\\/#website\"},\"datePublished\":\"2019-01-22T21:59:01+00:00\",\"dateModified\":\"2023-05-26T16:20:05+00:00\",\"breadcrumb\":{\"@id\":\"https:\\\/\\\/lp.amano-enzyme.com\\\/privacy-policy\\\/#breadcrumb\"},\"inLanguage\":\"es\",\"potentialAction\":[{\"@type\":\"ReadAction\",\"target\":[\"https:\\\/\\\/lp.amano-enzyme.com\\\/privacy-policy\\\/\"]}]},{\"@type\":\"BreadcrumbList\",\"@id\":\"https:\\\/\\\/lp.amano-enzyme.com\\\/privacy-policy\\\/#breadcrumb\",\"itemListElement\":[{\"@type\":\"ListItem\",\"position\":1,\"name\":\"Home\",\"item\":\"https:\\\/\\\/lp.amano-enzyme.com\\\/\"},{\"@type\":\"ListItem\",\"position\":2,\"name\":\"Privacy Policy\"}]},{\"@type\":\"WebSite\",\"@id\":\"https:\\\/\\\/lp.amano-enzyme.com\\\/#website\",\"url\":\"https:\\\/\\\/lp.amano-enzyme.com\\\/\",\"name\":\"Amano Enzyme\",\"description\":\"Exploring the unlimited possibilities for enzyme applications.\",\"publisher\":{\"@id\":\"https:\\\/\\\/lp.amano-enzyme.com\\\/#organization\"},\"potentialAction\":[{\"@type\":\"SearchAction\",\"target\":{\"@type\":\"EntryPoint\",\"urlTemplate\":\"https:\\\/\\\/lp.amano-enzyme.com\\\/?s={search_term_string}\"},\"query-input\":{\"@type\":\"PropertyValueSpecification\",\"valueRequired\":true,\"valueName\":\"search_term_string\"}}],\"inLanguage\":\"es\"},{\"@type\":\"Organization\",\"@id\":\"https:\\\/\\\/lp.amano-enzyme.com\\\/#organization\",\"name\":\"Amano Enzyme Inc.\",\"url\":\"https:\\\/\\\/lp.amano-enzyme.com\\\/\",\"logo\":{\"@type\":\"ImageObject\",\"inLanguage\":\"es\",\"@id\":\"https:\\\/\\\/lp.amano-enzyme.com\\\/#\\\/schema\\\/logo\\\/image\\\/\",\"url\":\"https:\\\/\\\/lp.amano-enzyme.com\\\/wp-content\\\/uploads\\\/2018\\\/06\\\/AmanoE-logo.png\",\"contentUrl\":\"https:\\\/\\\/lp.amano-enzyme.com\\\/wp-content\\\/uploads\\\/2018\\\/06\\\/AmanoE-logo.png\",\"width\":1247,\"height\":662,\"caption\":\"Amano Enzyme Inc.\"},\"image\":{\"@id\":\"https:\\\/\\\/lp.amano-enzyme.com\\\/#\\\/schema\\\/logo\\\/image\\\/\"}}]}<\/script>\n<!-- \/ Yoast SEO plugin. -->","yoast_head_json":{"title":"Privacy Policy","robots":{"index":"index","follow":"follow","max-snippet":"max-snippet:-1","max-image-preview":"max-image-preview:large","max-video-preview":"max-video-preview:-1"},"canonical":"https:\/\/lp.amano-enzyme.com\/es\/privacy-policy\/","og_locale":"es_ES","og_type":"article","og_title":"[:en]Privacy Policy[:uk]Privacy Policy[:es]Privacy Policy[:cn]Privacy Policy[:] - Amano Enzyme","og_description":"Aviso de privacidad y consentimiento de Amano Enzyme Europe Limited (la \u201cCompa\u00f1\u00eda\u201d) Este aviso explica c\u00f3mo se utiliza la informaci\u00f3n sobre usted. La Compa\u00f1\u00eda ser\u00e1 la que controla los datos y se puede contactar de la siguiente manera: Por correo: Data Protection Manager, Amano Enzyme Europe Limited, 2nd Floor West, 25 Western Avenue, Milton Park [&hellip;]","og_url":"https:\/\/lp.amano-enzyme.com\/es\/privacy-policy\/","og_site_name":"Amano Enzyme","article_modified_time":"2023-05-26T16:20:05+00:00","twitter_card":"summary_large_image","twitter_misc":{"Tiempo de lectura":"1 minuto"},"schema":{"@context":"https:\/\/schema.org","@graph":[{"@type":"WebPage","@id":"https:\/\/lp.amano-enzyme.com\/privacy-policy\/","url":"https:\/\/lp.amano-enzyme.com\/privacy-policy\/","name":"Privacy Policy","isPartOf":{"@id":"https:\/\/lp.amano-enzyme.com\/#website"},"datePublished":"2019-01-22T21:59:01+00:00","dateModified":"2023-05-26T16:20:05+00:00","breadcrumb":{"@id":"https:\/\/lp.amano-enzyme.com\/privacy-policy\/#breadcrumb"},"inLanguage":"es","potentialAction":[{"@type":"ReadAction","target":["https:\/\/lp.amano-enzyme.com\/privacy-policy\/"]}]},{"@type":"BreadcrumbList","@id":"https:\/\/lp.amano-enzyme.com\/privacy-policy\/#breadcrumb","itemListElement":[{"@type":"ListItem","position":1,"name":"Home","item":"https:\/\/lp.amano-enzyme.com\/"},{"@type":"ListItem","position":2,"name":"Privacy Policy"}]},{"@type":"WebSite","@id":"https:\/\/lp.amano-enzyme.com\/#website","url":"https:\/\/lp.amano-enzyme.com\/","name":"Amano Enzyme","description":"Exploring the unlimited possibilities for enzyme applications.","publisher":{"@id":"https:\/\/lp.amano-enzyme.com\/#organization"},"potentialAction":[{"@type":"SearchAction","target":{"@type":"EntryPoint","urlTemplate":"https:\/\/lp.amano-enzyme.com\/?s={search_term_string}"},"query-input":{"@type":"PropertyValueSpecification","valueRequired":true,"valueName":"search_term_string"}}],"inLanguage":"es"},{"@type":"Organization","@id":"https:\/\/lp.amano-enzyme.com\/#organization","name":"Amano Enzyme Inc.","url":"https:\/\/lp.amano-enzyme.com\/","logo":{"@type":"ImageObject","inLanguage":"es","@id":"https:\/\/lp.amano-enzyme.com\/#\/schema\/logo\/image\/","url":"https:\/\/lp.amano-enzyme.com\/wp-content\/uploads\/2018\/06\/AmanoE-logo.png","contentUrl":"https:\/\/lp.amano-enzyme.com\/wp-content\/uploads\/2018\/06\/AmanoE-logo.png","width":1247,"height":662,"caption":"Amano Enzyme Inc."},"image":{"@id":"https:\/\/lp.amano-enzyme.com\/#\/schema\/logo\/image\/"}}]}},"_links":{"self":[{"href":"https:\/\/lp.amano-enzyme.com\/es\/wp-json\/wp\/v2\/pages\/5082","targetHints":{"allow":["GET"]}}],"collection":[{"href":"https:\/\/lp.amano-enzyme.com\/es\/wp-json\/wp\/v2\/pages"}],"about":[{"href":"https:\/\/lp.amano-enzyme.com\/es\/wp-json\/wp\/v2\/types\/page"}],"author":[{"embeddable":true,"href":"https:\/\/lp.amano-enzyme.com\/es\/wp-json\/wp\/v2\/users\/6"}],"replies":[{"embeddable":true,"href":"https:\/\/lp.amano-enzyme.com\/es\/wp-json\/wp\/v2\/comments?post=5082"}],"version-history":[{"count":0,"href":"https:\/\/lp.amano-enzyme.com\/es\/wp-json\/wp\/v2\/pages\/5082\/revisions"}],"wp:attachment":[{"href":"https:\/\/lp.amano-enzyme.com\/es\/wp-json\/wp\/v2\/media?parent=5082"}],"curies":[{"name":"wp","href":"https:\/\/api.w.org\/{rel}","templated":true}]}}